{"id":158,"date":"2026-03-08T16:30:49","date_gmt":"2026-03-08T16:30:49","guid":{"rendered":"http:\/\/gravisartproject.com\/?page_id=158"},"modified":"2026-04-06T19:07:26","modified_gmt":"2026-04-06T19:07:26","slug":"current-exhibition","status":"publish","type":"page","link":"http:\/\/gravisartproject.com\/?page_id=158","title":{"rendered":"Current Exhibition"},"content":{"rendered":"\n<div class=\"wp-block-group alignfull is-layout-flow wp-block-group-is-layout-flow\">\n<figure class=\"wp-block-image aligncenter size-large\"><img loading=\"lazy\" decoding=\"async\" width=\"1024\" height=\"927\" src=\"http:\/\/gravisartproject.com\/wp-content\/uploads\/2026\/04\/DSC2213-1024x927.jpg\" alt=\"\" class=\"wp-image-183\" srcset=\"http:\/\/gravisartproject.com\/wp-content\/uploads\/2026\/04\/DSC2213-1024x927.jpg 1024w, http:\/\/gravisartproject.com\/wp-content\/uploads\/2026\/04\/DSC2213-300x272.jpg 300w, http:\/\/gravisartproject.com\/wp-content\/uploads\/2026\/04\/DSC2213-768x696.jpg 768w, http:\/\/gravisartproject.com\/wp-content\/uploads\/2026\/04\/DSC2213.jpg 1484w\" sizes=\"auto, (max-width: 1024px) 100vw, 1024px\" \/><\/figure>\n\n\n\n<div class=\"wp-block-columns alignwide is-layout-flex wp-container-core-columns-is-layout-83cf590f wp-block-columns-is-layout-flex\">\n<div class=\"wp-block-column is-vertically-aligned-center is-layout-flow wp-container-core-column-is-layout-30be4402 wp-block-column-is-layout-flow\">\n<h3 class=\"wp-block-heading has-text-align-left has-superbfont-large-font-size\"><strong>Y\u00fczeyin Haf\u0131zas\u0131 &#8211; Memory of the Surface<\/strong><br><\/h3>\n\n\n\n<p class=\"has-text-align-left\"><strong>G\u00d6ZDE ATLAS<\/strong><br><\/p>\n\n\n\n<div class=\"wp-block-group is-vertical is-content-justification-left is-layout-flex wp-container-core-group-is-layout-2290e706 wp-block-group-is-layout-flex\">\n<h2 class=\"wp-block-heading has-text-align-center has-contrast-color has-text-color has-superbfont-small-font-size\">11 &#8211; 29 Nisan 2026<\/h2>\n\n\n\n<p class=\"has-text-align-center has-secondary-color has-text-color has-superbfont-small-font-size\"><\/p>\n<\/div>\n<\/div>\n\n\n\n<div class=\"wp-block-column is-vertically-aligned-center is-layout-flow wp-container-core-column-is-layout-40a2a7e8 wp-block-column-is-layout-flow\" style=\"padding-right:0;padding-bottom:0;padding-left:0\">\n<p>\u00c7a\u011fda\u015f sanat\u0131n dikkat \u00e7eken isimlerinden&nbsp;G\u00f6zde Atlas, yeni ki\u015fisel sergisi&nbsp;<em>\u201cY\u00fczeyin Haf\u0131zas\u0131 \u2013 Memory of the Surface\u201d<\/em>&nbsp;ile izleyiciyi katmanlar, izler ve hat\u0131rlama bi\u00e7imleri \u00fczerine d\u00fc\u015f\u00fcnmeye davet ediyor.<\/p>\n\n\n\n<p>Sanat\u00e7\u0131n\u0131n \u00fcretim prati\u011finde y\u00fczey, yaln\u0131zca bir ta\u015f\u0131y\u0131c\u0131 de\u011fil; zaman\u0131n, m\u00fcdahalenin ve belle\u011fin izlerini bar\u0131nd\u0131ran aktif bir alan olarak ele al\u0131n\u0131yor. Atlas, boya, doku ve tekrar eden i\u015faretler arac\u0131l\u0131\u011f\u0131yla y\u00fczeyde biriken katmanlar\u0131 g\u00f6r\u00fcn\u00fcr k\u0131larak, izleyiciyi hem fiziksel hem de zihinsel bir derinli\u011fe y\u00f6nlendiriyor.<\/p>\n\n\n\n<p>Sergide yer alan eserler, ge\u00e7mi\u015f ile \u015fimdi aras\u0131nda kurulan k\u0131r\u0131lgan ili\u015fkilere odaklan\u0131rken; silinen, \u00f6rt\u00fclen ya da yeniden yaz\u0131lan y\u00fczeyler \u00fczerinden haf\u0131zan\u0131n s\u00fcreksizli\u011fini sorguluyor. Her bir \u00e7al\u0131\u015fma, hem bir kay\u0131t hem de bir unutma eylemi olarak, izleyiciyle \u00e7ok katmanl\u0131 bir diyalog kuruyor.<\/p>\n\n\n\n<p>Sanat\u00e7\u0131n\u0131n soyut ve deneysel yakla\u015f\u0131m\u0131, y\u00fczeyi bir anlat\u0131m alan\u0131na d\u00f6n\u00fc\u015ft\u00fcr\u00fcrken; renk, ritim ve dokusal kar\u015f\u0131la\u015fmalar arac\u0131l\u0131\u011f\u0131yla duyusal bir deneyim sunuyor. Bu ba\u011flamda&nbsp;<em>\u201cY\u00fczeyin Haf\u0131zas\u0131\u201d<\/em>, yaln\u0131zca g\u00f6rsel bir sergi de\u011fil, ayn\u0131 zamanda zamana, iz b\u0131rakmaya ve hat\u0131rlamaya dair d\u00fc\u015f\u00fcnsel bir \u00f6neri niteli\u011fi ta\u015f\u0131yor.<\/p>\n<\/div>\n<\/div>\n\n\n\n<figure class=\"wp-block-gallery has-nested-images columns-default is-cropped wp-block-gallery-1 is-layout-flex wp-block-gallery-is-layout-flex\">\n<figure class=\"wp-block-image size-large\"><img loading=\"lazy\" decoding=\"async\" width=\"1024\" height=\"1002\" data-id=\"162\" src=\"http:\/\/gravisartproject.com\/wp-content\/uploads\/2026\/03\/1-1024x1002.jpeg\" alt=\"\" class=\"wp-image-162\" srcset=\"http:\/\/gravisartproject.com\/wp-content\/uploads\/2026\/03\/1-1024x1002.jpeg 1024w, http:\/\/gravisartproject.com\/wp-content\/uploads\/2026\/03\/1-300x294.jpeg 300w, http:\/\/gravisartproject.com\/wp-content\/uploads\/2026\/03\/1-768x752.jpeg 768w, http:\/\/gravisartproject.com\/wp-content\/uploads\/2026\/03\/1.jpeg 1128w\" sizes=\"auto, (max-width: 1024px) 100vw, 1024px\" \/><\/figure>\n\n\n\n<figure class=\"wp-block-image size-large\"><img loading=\"lazy\" decoding=\"async\" width=\"743\" height=\"1024\" data-id=\"182\" src=\"http:\/\/gravisartproject.com\/wp-content\/uploads\/2026\/04\/DSC2216-743x1024.jpg\" alt=\"\" class=\"wp-image-182\" srcset=\"http:\/\/gravisartproject.com\/wp-content\/uploads\/2026\/04\/DSC2216-743x1024.jpg 743w, http:\/\/gravisartproject.com\/wp-content\/uploads\/2026\/04\/DSC2216-218x300.jpg 218w, http:\/\/gravisartproject.com\/wp-content\/uploads\/2026\/04\/DSC2216-768x1058.jpg 768w, http:\/\/gravisartproject.com\/wp-content\/uploads\/2026\/04\/DSC2216.jpg 897w\" sizes=\"auto, (max-width: 743px) 100vw, 743px\" \/><\/figure>\n\n\n\n<figure class=\"wp-block-image size-large\"><img loading=\"lazy\" decoding=\"async\" width=\"1024\" height=\"938\" data-id=\"163\" src=\"http:\/\/gravisartproject.com\/wp-content\/uploads\/2026\/03\/2-1024x938.jpeg\" alt=\"\" class=\"wp-image-163\" srcset=\"http:\/\/gravisartproject.com\/wp-content\/uploads\/2026\/03\/2-1024x938.jpeg 1024w, http:\/\/gravisartproject.com\/wp-content\/uploads\/2026\/03\/2-300x275.jpeg 300w, http:\/\/gravisartproject.com\/wp-content\/uploads\/2026\/03\/2-768x704.jpeg 768w, http:\/\/gravisartproject.com\/wp-content\/uploads\/2026\/03\/2.jpeg 1290w\" sizes=\"auto, (max-width: 1024px) 100vw, 1024px\" \/><\/figure>\n<\/figure>\n<\/div>\n","protected":false},"excerpt":{"rendered":"<p>Y\u00fczeyin Haf\u0131zas\u0131 &#8211; Memory of the Surface G\u00d6ZDE ATLAS 11 &#8211; 29 Nisan 2026 \u00c7a\u011fda\u015f sanat\u0131n dikkat \u00e7eken isimlerinden&nbsp;G\u00f6zde Atlas, yeni ki\u015fisel sergisi&nbsp;\u201cY\u00fczeyin Haf\u0131zas\u0131 \u2013 Memory of the Surface\u201d&nbsp;ile izleyiciyi katmanlar, izler ve hat\u0131rlama bi\u00e7imleri \u00fczerine d\u00fc\u015f\u00fcnmeye davet ediyor. Sanat\u00e7\u0131n\u0131n \u00fcretim prati\u011finde y\u00fczey, yaln\u0131zca bir ta\u015f\u0131y\u0131c\u0131 de\u011fil; zaman\u0131n, m\u00fcdahalenin ve belle\u011fin izlerini bar\u0131nd\u0131ran aktif bir [&hellip;]<\/p>\n","protected":false},"author":1,"featured_media":0,"parent":0,"menu_order":0,"comment_status":"closed","ping_status":"closed","template":"","meta":{"footnotes":""},"class_list":["post-158","page","type-page","status-publish","hentry"],"_links":{"self":[{"href":"http:\/\/gravisartproject.com\/index.php?rest_route=\/wp\/v2\/pages\/158","targetHints":{"allow":["GET"]}}],"collection":[{"href":"http:\/\/gravisartproject.com\/index.php?rest_route=\/wp\/v2\/pages"}],"about":[{"href":"http:\/\/gravisartproject.com\/index.php?rest_route=\/wp\/v2\/types\/page"}],"author":[{"embeddable":true,"href":"http:\/\/gravisartproject.com\/index.php?rest_route=\/wp\/v2\/users\/1"}],"replies":[{"embeddable":true,"href":"http:\/\/gravisartproject.com\/index.php?rest_route=%2Fwp%2Fv2%2Fcomments&post=158"}],"version-history":[{"count":17,"href":"http:\/\/gravisartproject.com\/index.php?rest_route=\/wp\/v2\/pages\/158\/revisions"}],"predecessor-version":[{"id":192,"href":"http:\/\/gravisartproject.com\/index.php?rest_route=\/wp\/v2\/pages\/158\/revisions\/192"}],"wp:attachment":[{"href":"http:\/\/gravisartproject.com\/index.php?rest_route=%2Fwp%2Fv2%2Fmedia&parent=158"}],"curies":[{"name":"wp","href":"https:\/\/api.w.org\/{rel}","templated":true}]}}