{"id":70,"date":"2026-03-08T14:17:00","date_gmt":"2026-03-08T14:17:00","guid":{"rendered":"http:\/\/gravisartproject.com\/?page_id=70"},"modified":"2026-03-08T20:10:00","modified_gmt":"2026-03-08T20:10:00","slug":"contact-theme","status":"publish","type":"page","link":"http:\/\/gravisartproject.com\/?page_id=70","title":{"rendered":"Contact"},"content":{"rendered":"\n<div class=\"wp-block-group alignfull is-layout-flow wp-block-group-is-layout-flow\">\n<div class=\"wp-block-group alignfull has-background-secondary-background-color has-background has-global-padding is-layout-constrained wp-container-core-group-is-layout-fff16f96 wp-block-group-is-layout-constrained\" style=\"padding-top:var(--wp--preset--spacing--superbspacing-xxlarge);padding-right:var(--wp--preset--spacing--superbspacing-small);padding-bottom:var(--wp--preset--spacing--superbspacing-xxlarge);padding-left:var(--wp--preset--spacing--superbspacing-small)\">\n<div class=\"wp-block-group alignwide has-global-padding is-layout-constrained wp-container-core-group-is-layout-aaf5fa99 wp-block-group-is-layout-constrained\">\n<h2 class=\"wp-block-heading has-text-align-center has-primary-color has-text-color has-superbfont-xxsmall-font-size\" style=\"font-style:normal;font-weight:700;letter-spacing:5px;text-transform:uppercase\">Contact us<\/h2>\n\n\n\n<h2 class=\"wp-block-heading has-text-align-center has-contrast-color has-text-color has-superbfont-xlarge-font-size\">Let&#8217;s connect<\/h2>\n\n\n\n<p class=\"has-text-align-center has-secondary-color has-text-color has-superbfont-small-font-size\"><\/p>\n<\/div>\n\n\n\n<div class=\"wp-block-columns alignwide is-layout-flex wp-container-core-columns-is-layout-a3ac60a9 wp-block-columns-is-layout-flex\" style=\"border-radius:0px;padding-top:0;padding-right:0;padding-bottom:0;padding-left:0\">\n<div class=\"wp-block-column is-vertically-aligned-center is-layout-flow wp-container-core-column-is-layout-cfb182f8 wp-block-column-is-layout-flow\" style=\"padding-top:0;padding-right:0;padding-bottom:0;padding-left:0\">\n<div class=\"wp-block-group has-border-color has-mono-3-border-color has-base-background-color has-background has-global-padding is-content-justification-left is-layout-constrained wp-container-core-group-is-layout-d71199d7 wp-block-group-is-layout-constrained\" style=\"border-width:1px;border-radius:16px;padding-top:var(--wp--preset--spacing--superbspacing-xsmall);padding-right:var(--wp--preset--spacing--superbspacing-xsmall);padding-bottom:var(--wp--preset--spacing--superbspacing-xsmall);padding-left:var(--wp--preset--spacing--superbspacing-xsmall)\">\n<div class=\"wp-block-group has-global-padding is-content-justification-left is-layout-constrained wp-container-core-group-is-layout-12dd3699 wp-block-group-is-layout-constrained\">\n<figure class=\"wp-block-image size-large is-resized\"><img decoding=\"async\" src=\"http:\/\/gravisartproject.com\/wp-content\/uploads\/2026\/03\/icon-email.png\" alt=\"\" style=\"width:32px;height:32px\"\/><\/figure>\n<\/div>\n\n\n\n<h3 class=\"wp-block-heading has-text-align-left has-contrast-color has-text-color has-superbfont-xsmall-font-size\">Email<\/h3>\n\n\n\n<p class=\"has-secondary-color has-text-color has-superbfont-small-font-size\">Send us an email for support:<br>haldun@gravisartproject.com<\/p>\n<\/div>\n<\/div>\n\n\n\n<div class=\"wp-block-column is-vertically-aligned-center is-layout-flow wp-container-core-column-is-layout-eef95d05 wp-block-column-is-layout-flow\" style=\"padding-top:0px;padding-right:0px;padding-bottom:0px;padding-left:0px\">\n<div class=\"wp-block-group has-border-color has-mono-3-border-color has-base-background-color has-background has-global-padding is-content-justification-left is-layout-constrained wp-container-core-group-is-layout-a844a75b wp-block-group-is-layout-constrained\" style=\"border-width:1px;border-radius:16px;margin-top:0;margin-bottom:0;padding-top:var(--wp--preset--spacing--superbspacing-xsmall);padding-right:var(--wp--preset--spacing--superbspacing-xsmall);padding-bottom:var(--wp--preset--spacing--superbspacing-xsmall);padding-left:var(--wp--preset--spacing--superbspacing-xsmall)\">\n<div class=\"wp-block-group has-global-padding is-content-justification-left is-layout-constrained wp-container-core-group-is-layout-12dd3699 wp-block-group-is-layout-constrained\">\n<figure class=\"wp-block-image size-large is-resized\"><img decoding=\"async\" src=\"http:\/\/gravisartproject.com\/wp-content\/uploads\/2026\/03\/icon-phone-call.png\" alt=\"\" style=\"width:32px;height:32px\"\/><\/figure>\n<\/div>\n\n\n\n<h3 class=\"wp-block-heading has-text-align-left has-contrast-color has-text-color has-superbfont-xsmall-font-size\">Phone number<\/h3>\n\n\n\n<p class=\"has-secondary-color has-text-color has-superbfont-small-font-size\">We&#8217;re only a call away: <br>+90 532 3662713<\/p>\n<\/div>\n<\/div>\n\n\n\n<div class=\"wp-block-column is-vertically-aligned-center is-layout-flow wp-container-core-column-is-layout-eef95d05 wp-block-column-is-layout-flow\" style=\"padding-top:0px;padding-right:0px;padding-bottom:0px;padding-left:0px\">\n<div class=\"wp-block-group has-border-color has-mono-3-border-color has-base-background-color has-background has-global-padding is-content-justification-left is-layout-constrained wp-container-core-group-is-layout-d71199d7 wp-block-group-is-layout-constrained\" style=\"border-width:1px;border-radius:16px;padding-top:var(--wp--preset--spacing--superbspacing-xsmall);padding-right:var(--wp--preset--spacing--superbspacing-xsmall);padding-bottom:var(--wp--preset--spacing--superbspacing-xsmall);padding-left:var(--wp--preset--spacing--superbspacing-xsmall)\">\n<div class=\"wp-block-group has-global-padding is-content-justification-left is-layout-constrained wp-container-core-group-is-layout-12dd3699 wp-block-group-is-layout-constrained\">\n<figure class=\"wp-block-image size-large is-resized\"><img decoding=\"async\" src=\"http:\/\/gravisartproject.com\/wp-content\/uploads\/2026\/03\/icon-push-pin-simple.png\" alt=\"\" style=\"width:32px;height:32px\"\/><\/figure>\n<\/div>\n\n\n\n<h3 class=\"wp-block-heading has-text-align-left has-contrast-color has-text-color has-superbfont-xsmall-font-size\">Address<\/h3>\n\n\n\n<p class=\"has-secondary-color has-text-color has-superbfont-small-font-size\">Ba\u011fdat Cad. N:264 K:1 D:16 G\u00f6ztepe &#8211; \u0130stanbul<\/p>\n<\/div>\n<\/div>\n<\/div>\n<\/div>\n<\/div>\n","protected":false},"excerpt":{"rendered":"<p>Contact us Let&#8217;s connect Email Send us an email for support:haldun@gravisartproject.com Phone number We&#8217;re only a call away: +90 532 3662713 Address Ba\u011fdat Cad. N:264 K:1 D:16 G\u00f6ztepe &#8211; \u0130stanbul<\/p>\n","protected":false},"author":1,"featured_media":0,"parent":0,"menu_order":0,"comment_status":"closed","ping_status":"closed","template":"contact","meta":{"footnotes":""},"class_list":["post-70","page","type-page","status-publish","hentry"],"_links":{"self":[{"href":"http:\/\/gravisartproject.com\/index.php?rest_route=\/wp\/v2\/pages\/70","targetHints":{"allow":["GET"]}}],"collection":[{"href":"http:\/\/gravisartproject.com\/index.php?rest_route=\/wp\/v2\/pages"}],"about":[{"href":"http:\/\/gravisartproject.com\/index.php?rest_route=\/wp\/v2\/types\/page"}],"author":[{"embeddable":true,"href":"http:\/\/gravisartproject.com\/index.php?rest_route=\/wp\/v2\/users\/1"}],"replies":[{"embeddable":true,"href":"http:\/\/gravisartproject.com\/index.php?rest_route=%2Fwp%2Fv2%2Fcomments&post=70"}],"version-history":[{"count":4,"href":"http:\/\/gravisartproject.com\/index.php?rest_route=\/wp\/v2\/pages\/70\/revisions"}],"predecessor-version":[{"id":176,"href":"http:\/\/gravisartproject.com\/index.php?rest_route=\/wp\/v2\/pages\/70\/revisions\/176"}],"wp:attachment":[{"href":"http:\/\/gravisartproject.com\/index.php?rest_route=%2Fwp%2Fv2%2Fmedia&parent=70"}],"curies":[{"name":"wp","href":"https:\/\/api.w.org\/{rel}","templated":true}]}}